{"id":289,"date":"2024-08-20T11:17:55","date_gmt":"2024-08-20T11:17:55","guid":{"rendered":"https:\/\/murosdeescollera.deditec.dev\/?page_id=289"},"modified":"2024-08-20T11:19:03","modified_gmt":"2024-08-20T11:19:03","slug":"politica-de-cookies","status":"publish","type":"page","link":"https:\/\/murosdeescollera.deditec.dev\/index.php\/politica-de-cookies\/","title":{"rendered":"Pol\u00edtica de cookies"},"content":{"rendered":"\t\t<div data-elementor-type=\"wp-page\" data-elementor-id=\"289\" class=\"elementor elementor-289\" data-elementor-post-type=\"page\">\n\t\t\t\t<div class=\"elementor-element elementor-element-39fb894 e-flex e-con-boxed e-con e-parent\" data-id=\"39fb894\" data-element_type=\"container\" data-settings=\"{&quot;background_background&quot;:&quot;classic&quot;}\">\n\t\t\t\t\t<div class=\"e-con-inner\">\n\t\t<div class=\"elementor-element elementor-element-48b7b1b e-con-full e-flex e-con e-child\" data-id=\"48b7b1b\" data-element_type=\"container\" data-settings=\"{&quot;background_background&quot;:&quot;classic&quot;}\">\n\t\t\t\t<div class=\"elementor-element elementor-element-4c456a7 elementor-widget elementor-widget-heading\" data-id=\"4c456a7\" data-element_type=\"widget\" data-widget_type=\"heading.default\">\n\t\t\t\t<div class=\"elementor-widget-container\">\n\t\t\t<style>\/*! elementor - v3.23.0 - 05-08-2024 *\/\n.elementor-heading-title{padding:0;margin:0;line-height:1}.elementor-widget-heading .elementor-heading-title[class*=elementor-size-]>a{color:inherit;font-size:inherit;line-height:inherit}.elementor-widget-heading .elementor-heading-title.elementor-size-small{font-size:15px}.elementor-widget-heading .elementor-heading-title.elementor-size-medium{font-size:19px}.elementor-widget-heading .elementor-heading-title.elementor-size-large{font-size:29px}.elementor-widget-heading .elementor-heading-title.elementor-size-xl{font-size:39px}.elementor-widget-heading .elementor-heading-title.elementor-size-xxl{font-size:59px}<\/style><h2 class=\"elementor-heading-title elementor-size-default\">Pol\u00edtica de cookies - Excavaciones Antonio Jim\u00e9nez | Muros de Escollera y Movimiento de tierra.\n<\/h2>\t\t<\/div>\n\t\t\t\t<\/div>\n\t\t\t\t<div class=\"elementor-element elementor-element-b93f497 elementor-widget-divider--view-line elementor-widget elementor-widget-divider\" data-id=\"b93f497\" data-element_type=\"widget\" data-widget_type=\"divider.default\">\n\t\t\t\t<div class=\"elementor-widget-container\">\n\t\t\t<style>\/*! elementor - v3.23.0 - 05-08-2024 *\/\n.elementor-widget-divider{--divider-border-style:none;--divider-border-width:1px;--divider-color:#0c0d0e;--divider-icon-size:20px;--divider-element-spacing:10px;--divider-pattern-height:24px;--divider-pattern-size:20px;--divider-pattern-url:none;--divider-pattern-repeat:repeat-x}.elementor-widget-divider .elementor-divider{display:flex}.elementor-widget-divider .elementor-divider__text{font-size:15px;line-height:1;max-width:95%}.elementor-widget-divider .elementor-divider__element{margin:0 var(--divider-element-spacing);flex-shrink:0}.elementor-widget-divider .elementor-icon{font-size:var(--divider-icon-size)}.elementor-widget-divider .elementor-divider-separator{display:flex;margin:0;direction:ltr}.elementor-widget-divider--view-line_icon .elementor-divider-separator,.elementor-widget-divider--view-line_text .elementor-divider-separator{align-items:center}.elementor-widget-divider--view-line_icon .elementor-divider-separator:after,.elementor-widget-divider--view-line_icon .elementor-divider-separator:before,.elementor-widget-divider--view-line_text .elementor-divider-separator:after,.elementor-widget-divider--view-line_text .elementor-divider-separator:before{display:block;content:\"\";border-block-end:0;flex-grow:1;border-block-start:var(--divider-border-width) var(--divider-border-style) var(--divider-color)}.elementor-widget-divider--element-align-left .elementor-divider .elementor-divider-separator>.elementor-divider__svg:first-of-type{flex-grow:0;flex-shrink:100}.elementor-widget-divider--element-align-left .elementor-divider-separator:before{content:none}.elementor-widget-divider--element-align-left .elementor-divider__element{margin-left:0}.elementor-widget-divider--element-align-right .elementor-divider .elementor-divider-separator>.elementor-divider__svg:last-of-type{flex-grow:0;flex-shrink:100}.elementor-widget-divider--element-align-right .elementor-divider-separator:after{content:none}.elementor-widget-divider--element-align-right .elementor-divider__element{margin-right:0}.elementor-widget-divider--element-align-start .elementor-divider .elementor-divider-separator>.elementor-divider__svg:first-of-type{flex-grow:0;flex-shrink:100}.elementor-widget-divider--element-align-start .elementor-divider-separator:before{content:none}.elementor-widget-divider--element-align-start .elementor-divider__element{margin-inline-start:0}.elementor-widget-divider--element-align-end .elementor-divider .elementor-divider-separator>.elementor-divider__svg:last-of-type{flex-grow:0;flex-shrink:100}.elementor-widget-divider--element-align-end .elementor-divider-separator:after{content:none}.elementor-widget-divider--element-align-end .elementor-divider__element{margin-inline-end:0}.elementor-widget-divider:not(.elementor-widget-divider--view-line_text):not(.elementor-widget-divider--view-line_icon) .elementor-divider-separator{border-block-start:var(--divider-border-width) var(--divider-border-style) var(--divider-color)}.elementor-widget-divider--separator-type-pattern{--divider-border-style:none}.elementor-widget-divider--separator-type-pattern.elementor-widget-divider--view-line .elementor-divider-separator,.elementor-widget-divider--separator-type-pattern:not(.elementor-widget-divider--view-line) .elementor-divider-separator:after,.elementor-widget-divider--separator-type-pattern:not(.elementor-widget-divider--view-line) .elementor-divider-separator:before,.elementor-widget-divider--separator-type-pattern:not([class*=elementor-widget-divider--view]) .elementor-divider-separator{width:100%;min-height:var(--divider-pattern-height);-webkit-mask-size:var(--divider-pattern-size) 100%;mask-size:var(--divider-pattern-size) 100%;-webkit-mask-repeat:var(--divider-pattern-repeat);mask-repeat:var(--divider-pattern-repeat);background-color:var(--divider-color);-webkit-mask-image:var(--divider-pattern-url);mask-image:var(--divider-pattern-url)}.elementor-widget-divider--no-spacing{--divider-pattern-size:auto}.elementor-widget-divider--bg-round{--divider-pattern-repeat:round}.rtl .elementor-widget-divider .elementor-divider__text{direction:rtl}.e-con-inner>.elementor-widget-divider,.e-con>.elementor-widget-divider{width:var(--container-widget-width,100%);--flex-grow:var(--container-widget-flex-grow)}<\/style>\t\t<div class=\"elementor-divider\">\n\t\t\t<span class=\"elementor-divider-separator\">\n\t\t\t\t\t\t<\/span>\n\t\t<\/div>\n\t\t\t\t<\/div>\n\t\t\t\t<\/div>\n\t\t\t\t<div class=\"elementor-element elementor-element-86efaee elementor-widget elementor-widget-text-editor\" data-id=\"86efaee\" data-element_type=\"widget\" data-widget_type=\"text-editor.default\">\n\t\t\t\t<div class=\"elementor-widget-container\">\n\t\t\t<style>\/*! elementor - v3.23.0 - 05-08-2024 *\/\n.elementor-widget-text-editor.elementor-drop-cap-view-stacked .elementor-drop-cap{background-color:#69727d;color:#fff}.elementor-widget-text-editor.elementor-drop-cap-view-framed .elementor-drop-cap{color:#69727d;border:3px solid;background-color:transparent}.elementor-widget-text-editor:not(.elementor-drop-cap-view-default) .elementor-drop-cap{margin-top:8px}.elementor-widget-text-editor:not(.elementor-drop-cap-view-default) .elementor-drop-cap-letter{width:1em;height:1em}.elementor-widget-text-editor .elementor-drop-cap{float:left;text-align:center;line-height:1;font-size:50px}.elementor-widget-text-editor .elementor-drop-cap-letter{display:inline-block}<\/style>\t\t\t\t<div id=\"content_full\"><div class=\"wrap\"><p>Antonio Jim\u00e9nez Gonz\u00e1lez, a trav\u00e9s del presente documento, recoge su Pol\u00edtica de recogida y tratamiento de cookies, en cumplimiento de lo dispuesto en el art\u00edculo 22.2 de la Ley 34\/2002, de 11 de julio, de Servicios de la Sociedad de la Informaci\u00f3n y de Comercio Electr\u00f3nico (LSSICE).<\/p><p>Las cookies se almacenan en el equipo terminal del usuario (ordenador o dispositivo m\u00f3vil) y recopilan informaci\u00f3n al visitar la p\u00e1gina web www.murosdeescollera.com, con la finalidad de mejorar la usabilidad de las mismas, conocer los h\u00e1bitos o necesidades de navegaci\u00f3n de los usuarios para poder adaptarse a los mismos, as\u00ed como obtener informaci\u00f3n con fines estad\u00edsticos. En el caso de aquellos usuarios que ya sean clientes de Antonio Jim\u00e9nez Gonz\u00e1lez, la informaci\u00f3n recabada con las cookies servir\u00e1 tambi\u00e9n para su identificaci\u00f3n al acceder a las distintas herramientas que Antonio Jim\u00e9nez Gonz\u00e1lez pone a su disposici\u00f3n para la gesti\u00f3n de los servicios.<\/p><p>La presente Pol\u00edtica de Cookies ser\u00e1 de aplicaci\u00f3n a aquellos usuarios que voluntariamente visitan las p\u00e1ginas web de Antonio Jim\u00e9nez Gonz\u00e1lez, cumplimentan formularios de recogida de datos, acceden a las herramientas que Antonio Jim\u00e9nez Gonz\u00e1lez pone a disposici\u00f3n de sus clientes para gestionar sus servicios, o utilizan cualquier otro servicio presente en el sitio web que implique la comunicaci\u00f3n de datos a Antonio Jim\u00e9nez Gonz\u00e1lez, o el acceso a datos por Antonio Jim\u00e9nez Gonz\u00e1lez, para la prestaci\u00f3n de sus servicios.<\/p><p>Antonio Jim\u00e9nez Gonz\u00e1lez informa a los usuarios de sus p\u00e1ginas web, de la existencia de cookies y pone a su disposici\u00f3n la presente Pol\u00edtica con la finalidad de informarles acerca del uso y del objeto de las mismas. El hecho de continuar la navegaci\u00f3n a trav\u00e9s de sus p\u00e1ginas, supone el conocimiento y la aceptaci\u00f3n de la presente Pol\u00edtica por parte de dichos usuarios.<\/p><p>Antonio Jim\u00e9nez Gonz\u00e1lez utiliza los siguientes tipos de cookies:<\/p><p>Clasificadas por su titularidad:<br \/>* \u00a0 Cookies propias: enviadas y gestionadas directamente por Antonio Jim\u00e9nez Gonz\u00e1lez.<br \/>* \u00a0Cookies de terceros: enviadas y gestionadas por un tercero ajeno a Antonio Jim\u00e9nez Gonz\u00e1lez, de forma an\u00f3nima, con la finalidad de realizar estudios estad\u00edsticos de navegaci\u00f3n por las p\u00e1ginas web de Antonio Jim\u00e9nez Gonz\u00e1lez.<\/p><p>Clasificadas por su finalidad:<br \/>* Cookies t\u00e9cnicas y\/o de personalizaci\u00f3n: facilitan la navegaci\u00f3n, al identificar la sesi\u00f3n, permitir el acceso a herramientas de acceso restringido, adem\u00e1s de configurar a medida las opciones disponibles. Posibilitan la prestaci\u00f3n del servicio solicitado previamente por el usuario.<br \/>* \u00a0Cookies de an\u00e1lisis y\/o publicidad: permiten conocer el n\u00famero de visitas recibidas en las diferentes secciones de las p\u00e1ginas web, los h\u00e1bitos y tendencias de sus usuarios y en consecuencia, poder mejorar la navegaci\u00f3n y el servicio ofrecido por Antonio Jim\u00e9nez Gonz\u00e1lez (fundamentalmente, Google Analytics), as\u00ed como gestionar los espacios publicitarios incluidos en la p\u00e1gina web visitada por el usuario. Recopila datos de forma an\u00f3nima con la finalidad de obtener perfiles de navegaci\u00f3n de los usuarios.<\/p><p>Clasificadas por su duraci\u00f3n:<br \/>* \u00a0 Cookies de sesi\u00f3n: recaban y almacenan los datos mientras el usuario accede a la p\u00e1gina web.<br \/>* \u00a0Cookies persistentes: recaban y almacenan los datos en el terminal del usuario durante un periodo de tiempo variable en funci\u00f3n de cu\u00e1l sea la finalidad para la que han sido utilizadas.<\/p><p>El tiempo de conservaci\u00f3n de las cookies depender\u00e1 del tipo de que se trate y siempre ser\u00e1 el m\u00ednimo indispensable para cumplir su finalidad.<\/p><p>En cualquier caso, los usuarios pueden configurar su navegador, de manera que se deshabilite o bloquee la recepci\u00f3n de todas o algunas de las cookies. El hecho de no desear recibir estas cookies, no constituye un impedimento para poder acceder a la informaci\u00f3n de los sitios web de Antonio Jim\u00e9nez Gonz\u00e1lez aunque el uso de algunos servicios podr\u00e1 ser limitado. Si una vez otorgado el consentimiento para la recepci\u00f3n de cookies, se desease retirar \u00e9ste, se deber\u00e1n eliminar aquellas almacenadas en el equipo del usuario, a trav\u00e9s de las opciones de los diferentes navegadores.<\/p><p>La forma de configurar los diferentes navegadores para ejercitar las acciones se\u00f1aladas en los p\u00e1rrafos anteriores, se puede consultar en:<br \/>* \u00a0 \u00a0Explorer: http:\/\/windows.microsoft.com\/es-es\/windows7\/how-to-manage-cookies-in-internet-explorer-9<br \/>* \u00a0 \u00a0Chrome: https:\/\/support.google.com\/chrome\/answer\/95647?hl=es<br \/>* \u00a0 \u00a0Firefox: http:\/\/support.mozilla.org\/es\/kb\/cookies-informacion-que-los-sitios-web-guardan-en-?redirectlocale=en-US&amp;redirectslug=Cookies<\/p><div class=\"clear\">\u00a0<\/div><\/div><\/div><div class=\"clear\">\u00a0<\/div><div id=\"footer\">\u00a0<\/div>\t\t\t\t\t\t<\/div>\n\t\t\t\t<\/div>\n\t\t\t\t<\/div>\n\t\t\t\t\t<\/div>\n\t\t\t\t<\/div>\n\t\t\t\t<\/div>\n\t\t","protected":false},"excerpt":{"rendered":"<p>Pol\u00edtica de cookies &#8211; Excavaciones Antonio Jim\u00e9nez | Muros de Escollera y Movimiento de tierra. Antonio Jim\u00e9nez Gonz\u00e1lez, a trav\u00e9s del presente documento, recoge su Pol\u00edtica de recogida y tratamiento de cookies, en cumplimiento de lo dispuesto en el art\u00edculo 22.2 de la Ley 34\/2002, de 11 de julio, de Servicios de la Sociedad de [&hellip;]<\/p>\n","protected":false},"author":1,"featured_media":0,"parent":0,"menu_order":0,"comment_status":"closed","ping_status":"closed","template":"","meta":{"footnotes":""},"class_list":["post-289","page","type-page","status-publish","hentry"],"_links":{"self":[{"href":"https:\/\/murosdeescollera.deditec.dev\/index.php\/wp-json\/wp\/v2\/pages\/289","targetHints":{"allow":["GET"]}}],"collection":[{"href":"https:\/\/murosdeescollera.deditec.dev\/index.php\/wp-json\/wp\/v2\/pages"}],"about":[{"href":"https:\/\/murosdeescollera.deditec.dev\/index.php\/wp-json\/wp\/v2\/types\/page"}],"author":[{"embeddable":true,"href":"https:\/\/murosdeescollera.deditec.dev\/index.php\/wp-json\/wp\/v2\/users\/1"}],"replies":[{"embeddable":true,"href":"https:\/\/murosdeescollera.deditec.dev\/index.php\/wp-json\/wp\/v2\/comments?post=289"}],"version-history":[{"count":4,"href":"https:\/\/murosdeescollera.deditec.dev\/index.php\/wp-json\/wp\/v2\/pages\/289\/revisions"}],"predecessor-version":[{"id":293,"href":"https:\/\/murosdeescollera.deditec.dev\/index.php\/wp-json\/wp\/v2\/pages\/289\/revisions\/293"}],"wp:attachment":[{"href":"https:\/\/murosdeescollera.deditec.dev\/index.php\/wp-json\/wp\/v2\/media?parent=289"}],"curies":[{"name":"wp","href":"https:\/\/api.w.org\/{rel}","templated":true}]}}