{"id":283,"date":"2024-08-20T11:15:44","date_gmt":"2024-08-20T11:15:44","guid":{"rendered":"https:\/\/murosdeescollera.deditec.dev\/?page_id=283"},"modified":"2024-08-20T11:16:36","modified_gmt":"2024-08-20T11:16:36","slug":"politica-de-privacidad","status":"publish","type":"page","link":"https:\/\/murosdeescollera.deditec.dev\/index.php\/politica-de-privacidad\/","title":{"rendered":"Pol\u00edtica de privacidad"},"content":{"rendered":"\t\t<div data-elementor-type=\"wp-page\" data-elementor-id=\"283\" class=\"elementor elementor-283\" data-elementor-post-type=\"page\">\n\t\t\t\t<div class=\"elementor-element elementor-element-d51b614 e-flex e-con-boxed e-con e-parent\" data-id=\"d51b614\" data-element_type=\"container\" data-settings=\"{&quot;background_background&quot;:&quot;classic&quot;}\">\n\t\t\t\t\t<div class=\"e-con-inner\">\n\t\t<div class=\"elementor-element elementor-element-8e9caf1 e-con-full e-flex e-con e-child\" data-id=\"8e9caf1\" data-element_type=\"container\" data-settings=\"{&quot;background_background&quot;:&quot;classic&quot;}\">\n\t\t\t\t<div class=\"elementor-element elementor-element-e846756 elementor-widget elementor-widget-heading\" data-id=\"e846756\" data-element_type=\"widget\" data-widget_type=\"heading.default\">\n\t\t\t\t<div class=\"elementor-widget-container\">\n\t\t\t<style>\/*! elementor - v3.23.0 - 05-08-2024 *\/\n.elementor-heading-title{padding:0;margin:0;line-height:1}.elementor-widget-heading .elementor-heading-title[class*=elementor-size-]>a{color:inherit;font-size:inherit;line-height:inherit}.elementor-widget-heading .elementor-heading-title.elementor-size-small{font-size:15px}.elementor-widget-heading .elementor-heading-title.elementor-size-medium{font-size:19px}.elementor-widget-heading .elementor-heading-title.elementor-size-large{font-size:29px}.elementor-widget-heading .elementor-heading-title.elementor-size-xl{font-size:39px}.elementor-widget-heading .elementor-heading-title.elementor-size-xxl{font-size:59px}<\/style><h2 class=\"elementor-heading-title elementor-size-default\">Pol\u00edtica de privacidad - Excavaciones Antonio Jim\u00e9nez | Muros de Escollera y Movimiento de tierra.\n<\/h2>\t\t<\/div>\n\t\t\t\t<\/div>\n\t\t\t\t<div class=\"elementor-element elementor-element-7383e82 elementor-widget-divider--view-line elementor-widget elementor-widget-divider\" data-id=\"7383e82\" data-element_type=\"widget\" data-widget_type=\"divider.default\">\n\t\t\t\t<div class=\"elementor-widget-container\">\n\t\t\t<style>\/*! elementor - v3.23.0 - 05-08-2024 *\/\n.elementor-widget-divider{--divider-border-style:none;--divider-border-width:1px;--divider-color:#0c0d0e;--divider-icon-size:20px;--divider-element-spacing:10px;--divider-pattern-height:24px;--divider-pattern-size:20px;--divider-pattern-url:none;--divider-pattern-repeat:repeat-x}.elementor-widget-divider .elementor-divider{display:flex}.elementor-widget-divider .elementor-divider__text{font-size:15px;line-height:1;max-width:95%}.elementor-widget-divider .elementor-divider__element{margin:0 var(--divider-element-spacing);flex-shrink:0}.elementor-widget-divider .elementor-icon{font-size:var(--divider-icon-size)}.elementor-widget-divider .elementor-divider-separator{display:flex;margin:0;direction:ltr}.elementor-widget-divider--view-line_icon .elementor-divider-separator,.elementor-widget-divider--view-line_text .elementor-divider-separator{align-items:center}.elementor-widget-divider--view-line_icon .elementor-divider-separator:after,.elementor-widget-divider--view-line_icon .elementor-divider-separator:before,.elementor-widget-divider--view-line_text .elementor-divider-separator:after,.elementor-widget-divider--view-line_text .elementor-divider-separator:before{display:block;content:\"\";border-block-end:0;flex-grow:1;border-block-start:var(--divider-border-width) var(--divider-border-style) var(--divider-color)}.elementor-widget-divider--element-align-left .elementor-divider .elementor-divider-separator>.elementor-divider__svg:first-of-type{flex-grow:0;flex-shrink:100}.elementor-widget-divider--element-align-left .elementor-divider-separator:before{content:none}.elementor-widget-divider--element-align-left .elementor-divider__element{margin-left:0}.elementor-widget-divider--element-align-right .elementor-divider .elementor-divider-separator>.elementor-divider__svg:last-of-type{flex-grow:0;flex-shrink:100}.elementor-widget-divider--element-align-right .elementor-divider-separator:after{content:none}.elementor-widget-divider--element-align-right .elementor-divider__element{margin-right:0}.elementor-widget-divider--element-align-start .elementor-divider .elementor-divider-separator>.elementor-divider__svg:first-of-type{flex-grow:0;flex-shrink:100}.elementor-widget-divider--element-align-start .elementor-divider-separator:before{content:none}.elementor-widget-divider--element-align-start .elementor-divider__element{margin-inline-start:0}.elementor-widget-divider--element-align-end .elementor-divider .elementor-divider-separator>.elementor-divider__svg:last-of-type{flex-grow:0;flex-shrink:100}.elementor-widget-divider--element-align-end .elementor-divider-separator:after{content:none}.elementor-widget-divider--element-align-end .elementor-divider__element{margin-inline-end:0}.elementor-widget-divider:not(.elementor-widget-divider--view-line_text):not(.elementor-widget-divider--view-line_icon) .elementor-divider-separator{border-block-start:var(--divider-border-width) var(--divider-border-style) var(--divider-color)}.elementor-widget-divider--separator-type-pattern{--divider-border-style:none}.elementor-widget-divider--separator-type-pattern.elementor-widget-divider--view-line .elementor-divider-separator,.elementor-widget-divider--separator-type-pattern:not(.elementor-widget-divider--view-line) .elementor-divider-separator:after,.elementor-widget-divider--separator-type-pattern:not(.elementor-widget-divider--view-line) .elementor-divider-separator:before,.elementor-widget-divider--separator-type-pattern:not([class*=elementor-widget-divider--view]) .elementor-divider-separator{width:100%;min-height:var(--divider-pattern-height);-webkit-mask-size:var(--divider-pattern-size) 100%;mask-size:var(--divider-pattern-size) 100%;-webkit-mask-repeat:var(--divider-pattern-repeat);mask-repeat:var(--divider-pattern-repeat);background-color:var(--divider-color);-webkit-mask-image:var(--divider-pattern-url);mask-image:var(--divider-pattern-url)}.elementor-widget-divider--no-spacing{--divider-pattern-size:auto}.elementor-widget-divider--bg-round{--divider-pattern-repeat:round}.rtl .elementor-widget-divider .elementor-divider__text{direction:rtl}.e-con-inner>.elementor-widget-divider,.e-con>.elementor-widget-divider{width:var(--container-widget-width,100%);--flex-grow:var(--container-widget-flex-grow)}<\/style>\t\t<div class=\"elementor-divider\">\n\t\t\t<span class=\"elementor-divider-separator\">\n\t\t\t\t\t\t<\/span>\n\t\t<\/div>\n\t\t\t\t<\/div>\n\t\t\t\t<\/div>\n\t\t\t\t<div class=\"elementor-element elementor-element-cae756a elementor-widget elementor-widget-text-editor\" data-id=\"cae756a\" data-element_type=\"widget\" data-widget_type=\"text-editor.default\">\n\t\t\t\t<div class=\"elementor-widget-container\">\n\t\t\t<style>\/*! elementor - v3.23.0 - 05-08-2024 *\/\n.elementor-widget-text-editor.elementor-drop-cap-view-stacked .elementor-drop-cap{background-color:#69727d;color:#fff}.elementor-widget-text-editor.elementor-drop-cap-view-framed .elementor-drop-cap{color:#69727d;border:3px solid;background-color:transparent}.elementor-widget-text-editor:not(.elementor-drop-cap-view-default) .elementor-drop-cap{margin-top:8px}.elementor-widget-text-editor:not(.elementor-drop-cap-view-default) .elementor-drop-cap-letter{width:1em;height:1em}.elementor-widget-text-editor .elementor-drop-cap{float:left;text-align:center;line-height:1;font-size:50px}.elementor-widget-text-editor .elementor-drop-cap-letter{display:inline-block}<\/style>\t\t\t\t<div id=\"breadcrumbs\"><div class=\"wrap\"><center><h1 style=\"text-align: left;\"><strong style=\"color: var( --e-global-color-text ); font-size: 13px; text-align: var(--text-align);\">1. DERECHO DE INFORMACI\u00d3N Y FINALIDAD<\/strong><\/h1><\/center><\/div><\/div><div id=\"content_full\"><div class=\"wrap\"><p>Antonio Jim\u00e9nez Gonz\u00e1lez se compromete claramente con el cumplimiento de lo dispuesto en el Reglamento General de Protecci\u00f3n de datos 2016\/679 de 27 de abril de 2016, de Protecci\u00f3n de Datos de Car\u00e1cter Persona y la Ley de Servicios de la Sociedad de la Informaci\u00f3n y de Comercio Electr\u00f3nico (LSSI-CE), garantiza el cumplimiento \u00edntegro de las obligaciones dispuestas, as\u00ed como la implementaci\u00f3n de las medidas de seguridad recogidas.<br \/>Antonio Jim\u00e9nez Gonz\u00e1lez pone a disposici\u00f3n de los usuarios la pol\u00edtica de privacidad de la entidad informando a los usuarios respecto de los siguientes aspectos:<br \/>En cumplimiento del Reglamento General de Protecci\u00f3n de datos 2016\/679 de 27 de abril de 2016, de Protecci\u00f3n de Datos de Car\u00e1cter Personal, se informa que Antonio Jim\u00e9nez Gonz\u00e1lez \u00a0es responsable del tratamiento, debidamente registrado en el Registro General de Protecci\u00f3n de Datos, en el que se incluir\u00e1n los datos personales que usted nos facilite, siendo sometidos a los controles y normas establecidos en el Reglamento de Medidas de Seguridad. La direcci\u00f3n del responsable del fichero es Calle R\u00edo Guadalete 10 \u2013 23600 Martos (Ja\u00e9n).<\/p><p>La finalidad para la que se recogen los datos ser\u00e1 la de cada caso concreto con el consentimiento expreso del interesado, siempre tendr\u00e1 como objeto gestionar el servicio prestado por Antonio Jim\u00e9nez Gonz\u00e1lez al cliente dentro del marco de la relaci\u00f3n comercial que los une, enviarle informaci\u00f3n y publicidad sobre ofertas, promociones, recomendaciones y confeccionar nuevos productos a partir de las preferencias de nuestros clientes.<\/p><p><strong>2. DERECHOS DE ACCESO, RECTIFICACI\u00d3N, CANCELACI\u00d3N, SUPRESI\u00d3N, LIMITACI\u00d3N, REVOCACI\u00d3N, OLVIDO Y PORTABILIDAD DEL CONSENTIMIENTO<\/strong><br \/>En virtud de las leyes antes mencionadas, el usuario podr\u00e1 ejercitar los derechos de acceso, rectificaci\u00f3n, supresi\u00f3n, limitaci\u00f3n, olvido y portabilidad de datos siempre que resultase pertinente, as\u00ed como el de revocaci\u00f3n del consentimiento para la cesi\u00f3n de sus datos, o para cualquiera de los usos antes se\u00f1alados, a trav\u00e9s del tel\u00e9fono 953 55 22 01, o enviando un correo postal a la siguiente direcci\u00f3n: Calle R\u00edo Guadalete 10 \u2013 23600 Martos (Ja\u00e9n).<br \/>El usuario podr\u00e1 darse de baja en cualquier momento de cualquiera de los servicios de suscripci\u00f3n facilitados, respondiendo a cualquier correo electr\u00f3nico remitido por Antonio Jim\u00e9nez Gonz\u00e1lez e indicando en el asunto \u201cDar de baja\u201d.<\/p><p><strong>3. CAR\u00c1CTER OBLIGATORIO O FACULTATIVO DE LA INFORMACI\u00d3N FACILITADA POR EL USUARIO<\/strong><br \/>Los usuarios, mediante la marcaci\u00f3n de las casillas correspondientes y entrada de datos en los campos, marcados con un asterisco (*) en el formulario de contacto o presentados en formularios, aceptan expresamente y de forma libre e inequ\u00edvoca, que sus datos son necesarios para atender su petici\u00f3n, por parte del prestador, siendo voluntaria la inclusi\u00f3n de datos en los campos restantes. El usuario garantiza que los datos personales facilitados a Antonio Jim\u00e9nez Gonz\u00e1lez son veraces y se hace responsable de comunicar cualquier modificaci\u00f3n de los mismos.<br \/>Los datos facilitados por los usuarios podr\u00e1n ser\u00e1n tratados para realizar alguna de las siguientes finalidades:<br \/>Remisi\u00f3n de comunicaciones comerciales publicitarias por email, fax, SMS, MMS, comunidades sociales o cualquier otro medio electr\u00f3nico o f\u00edsico, presente o futuro, que posibilite realizar comunicaciones comerciales. Estas comunicaciones ser\u00e1n realizadas por Antonio Jim\u00e9nez Gonz\u00e1lez \u00a0y relacionadas sobre sus productos y servicios, o de sus colaboradores o proveedores con los que \u00e9ste haya alcanzado alg\u00fan acuerdo de promoci\u00f3n. En este caso, los terceros nunca tendr\u00e1n acceso a los datos personales.<br \/>Realizar estudios estad\u00edsticos.<br \/>Tramitar encargos, solicitudes o cualquier tipo de petici\u00f3n que sea realizada por el usuario a trav\u00e9s de cualquiera de las formas de contacto que se ponen a su disposici\u00f3n.<br \/>Remitir el bolet\u00edn de noticias de la p\u00e1gina web.<br \/>Antonio Jim\u00e9nez Gonz\u00e1lez informa y garantiza expresamente a los usuarios que sus datos personales no ser\u00e1n cedidos en ning\u00fan caso a terceros, y que siempre que realizara alg\u00fan tipo de cesi\u00f3n de datos personales, se pedir\u00e1 previamente el consentimiento expreso, informado e inequ\u00edvoco por parte los titulares. Todos los datos solicitados a trav\u00e9s del sitio web son obligatorios, ya que son necesarios para la prestaci\u00f3n de un servicio \u00f3ptimo al usuario. En caso de que no sean facilitados todos los datos, no se garantiza que la informaci\u00f3n y servicios facilitados sean completamente ajustados a sus necesidades.<br \/><strong>\u00a0<\/strong><br \/><strong>4. MEDIDAS DE SEGURIDAD<\/strong><br \/>Conforme el Reglamento General de Protecci\u00f3n de datos 2016\/679 de 27 de abril de 2016, Antonio Jim\u00e9nez Gonz\u00e1lez ha adoptado las medidas de \u00edndole t\u00e9cnica y organizativa necesarias para garantizar la seguridad e integridad de los datos de car\u00e1cter personal que trate, confidencialidad y privacidad de las mismas, as\u00ed como evitar su p\u00e9rdida, alteraci\u00f3n y\/o acceso por parte de terceros no autorizados.<\/p><div class=\"clear\">\u00a0<\/div><\/div><\/div><div class=\"clear\">\u00a0<\/div><div id=\"footer\">\u00a0<\/div>\t\t\t\t\t\t<\/div>\n\t\t\t\t<\/div>\n\t\t\t\t<\/div>\n\t\t\t\t\t<\/div>\n\t\t\t\t<\/div>\n\t\t\t\t<\/div>\n\t\t","protected":false},"excerpt":{"rendered":"<p>Pol\u00edtica de privacidad &#8211; Excavaciones Antonio Jim\u00e9nez | Muros de Escollera y Movimiento de tierra. 1. DERECHO DE INFORMACI\u00d3N Y FINALIDAD Antonio Jim\u00e9nez Gonz\u00e1lez se compromete claramente con el cumplimiento de lo dispuesto en el Reglamento General de Protecci\u00f3n de datos 2016\/679 de 27 de abril de 2016, de Protecci\u00f3n de Datos de Car\u00e1cter Persona [&hellip;]<\/p>\n","protected":false},"author":1,"featured_media":0,"parent":0,"menu_order":0,"comment_status":"closed","ping_status":"closed","template":"","meta":{"footnotes":""},"class_list":["post-283","page","type-page","status-publish","hentry"],"_links":{"self":[{"href":"https:\/\/murosdeescollera.deditec.dev\/index.php\/wp-json\/wp\/v2\/pages\/283","targetHints":{"allow":["GET"]}}],"collection":[{"href":"https:\/\/murosdeescollera.deditec.dev\/index.php\/wp-json\/wp\/v2\/pages"}],"about":[{"href":"https:\/\/murosdeescollera.deditec.dev\/index.php\/wp-json\/wp\/v2\/types\/page"}],"author":[{"embeddable":true,"href":"https:\/\/murosdeescollera.deditec.dev\/index.php\/wp-json\/wp\/v2\/users\/1"}],"replies":[{"embeddable":true,"href":"https:\/\/murosdeescollera.deditec.dev\/index.php\/wp-json\/wp\/v2\/comments?post=283"}],"version-history":[{"count":4,"href":"https:\/\/murosdeescollera.deditec.dev\/index.php\/wp-json\/wp\/v2\/pages\/283\/revisions"}],"predecessor-version":[{"id":287,"href":"https:\/\/murosdeescollera.deditec.dev\/index.php\/wp-json\/wp\/v2\/pages\/283\/revisions\/287"}],"wp:attachment":[{"href":"https:\/\/murosdeescollera.deditec.dev\/index.php\/wp-json\/wp\/v2\/media?parent=283"}],"curies":[{"name":"wp","href":"https:\/\/api.w.org\/{rel}","templated":true}]}}